{"id":758,"date":"2018-05-28T17:47:25","date_gmt":"2018-05-28T15:47:25","guid":{"rendered":"http:\/\/www.kinderarztpraxis-dorfen.de\/?page_id=758"},"modified":"2024-03-03T17:46:06","modified_gmt":"2024-03-03T16:46:06","slug":"impressum","status":"publish","type":"page","link":"https:\/\/www.kinderarztpraxis-dorfen.de\/?page_id=758","title":{"rendered":"Impressum"},"content":{"rendered":"<div id='impressum'  class='av-layout-grid-container av-av_layout_row-eeb36ed0b504edd4ffdd83c4cfb7d90b entry-content-wrapper main_color av-flex-cells  avia-builder-el-0  avia-builder-el-no-sibling   container_wrap fullsize'  >\n\n<style type=\"text\/css\" data-created_by=\"avia_inline_auto\" id=\"style-css-av-av_cell_one_fifth-478e601141f777c114317b69b95234cf\">\n.flex_cell.av-av_cell_one_fifth-478e601141f777c114317b69b95234cf{\nvertical-align:top;\nheight:600px;\nmin-height:600px;\n}\n.responsive #top #wrap_all .flex_cell.av-av_cell_one_fifth-478e601141f777c114317b69b95234cf{\npadding:30px 30px 30px 30px !important;\n}\n<\/style>\n<div class='flex_cell av-av_cell_one_fifth-478e601141f777c114317b69b95234cf av-gridrow-cell av_one_fifth no_margin  avia-builder-el-1  el_before_av_cell_three_fifth  avia-builder-el-first  content-align-top'  ><div class='flex_cell_inner'>\n<style type=\"text\/css\" data-created_by=\"avia_inline_auto\" id=\"style-css-av-av_one_full-15d750bd1b332b34c6e70b077ebbccdf\">\n.flex_column.av-av_one_full-15d750bd1b332b34c6e70b077ebbccdf{\nborder-radius:0px 0px 0px 0px;\npadding:0px 0px 0px 0px;\n}\n<\/style>\n<div  class='flex_column av-av_one_full-15d750bd1b332b34c6e70b077ebbccdf av_one_full  avia-builder-el-2  avia-builder-el-no-sibling  first flex_column_div av-zero-column-padding  '     ><p>\n<style type=\"text\/css\" data-created_by=\"avia_inline_auto\" id=\"style-css-av-av_image-936cc06f2152c9e17043fa688a6c4c8b\">\n.avia-image-container.av-av_image-936cc06f2152c9e17043fa688a6c4c8b img.avia_image{\nbox-shadow:none;\n}\n.avia-image-container.av-av_image-936cc06f2152c9e17043fa688a6c4c8b .av-image-caption-overlay-center{\ncolor:#ffffff;\n}\n<\/style>\n<div  class='avia-image-container av-av_image-936cc06f2152c9e17043fa688a6c4c8b av-styling- avia-align-center  avia-builder-el-3  el_before_av_image  avia-builder-el-first '   itemprop=\"image\" itemscope=\"itemscope\" itemtype=\"https:\/\/schema.org\/ImageObject\" ><div class=\"avia-image-container-inner\"><div class=\"avia-image-overlay-wrap\"><img decoding=\"async\" fetchpriority=\"high\" class='wp-image-463 avia-img-lazy-loading-not-463 avia_image ' src=\"https:\/\/www.kinderarztpraxis-dorfen.de\/wp-content\/uploads\/2017\/08\/impressum.png\" alt='' title='impressum'  height=\"437\" width=\"612\"  itemprop=\"thumbnailUrl\" srcset=\"https:\/\/www.kinderarztpraxis-dorfen.de\/wp-content\/uploads\/2017\/08\/impressum.png 612w, https:\/\/www.kinderarztpraxis-dorfen.de\/wp-content\/uploads\/2017\/08\/impressum-300x214.png 300w, https:\/\/www.kinderarztpraxis-dorfen.de\/wp-content\/uploads\/2017\/08\/impressum-260x185.png 260w, https:\/\/www.kinderarztpraxis-dorfen.de\/wp-content\/uploads\/2017\/08\/impressum-450x321.png 450w\" sizes=\"(max-width: 612px) 100vw, 612px\" \/><\/div><\/div><\/div><br \/>\n\n<style type=\"text\/css\" data-created_by=\"avia_inline_auto\" id=\"style-css-av-av_image-6ebc8aafb8f606fa2b8b2f2ee4e02d4c\">\n.avia-image-container.av-av_image-6ebc8aafb8f606fa2b8b2f2ee4e02d4c img.avia_image{\nbox-shadow:none;\n}\n.avia-image-container.av-av_image-6ebc8aafb8f606fa2b8b2f2ee4e02d4c .av-image-caption-overlay-center{\ncolor:#ffffff;\n}\n<\/style>\n<div  class='avia-image-container av-av_image-6ebc8aafb8f606fa2b8b2f2ee4e02d4c av-styling- avia-align-left  avia-builder-el-4  el_after_av_image  avia-builder-el-last '   itemprop=\"image\" itemscope=\"itemscope\" itemtype=\"https:\/\/schema.org\/ImageObject\" ><div class=\"avia-image-container-inner\"><div class=\"avia-image-overlay-wrap\"><img decoding=\"async\" fetchpriority=\"high\" class='wp-image-580 avia-img-lazy-loading-not-580 avia_image ' src=\"https:\/\/www.kinderarztpraxis-dorfen.de\/wp-content\/uploads\/2017\/08\/bar_impressum.png\" alt='' title='bar_impressum'  height=\"36\" width=\"325\"  itemprop=\"thumbnailUrl\" srcset=\"https:\/\/www.kinderarztpraxis-dorfen.de\/wp-content\/uploads\/2017\/08\/bar_impressum.png 325w, https:\/\/www.kinderarztpraxis-dorfen.de\/wp-content\/uploads\/2017\/08\/bar_impressum-300x33.png 300w\" sizes=\"(max-width: 325px) 100vw, 325px\" \/><\/div><\/div><\/div><\/p><\/div>\n<\/div><\/div>\n<style type=\"text\/css\" data-created_by=\"avia_inline_auto\" id=\"style-css-av-av_cell_three_fifth-a0e5eb3f726bfaa9200b14ae560c85e1\">\n.flex_cell.av-av_cell_three_fifth-a0e5eb3f726bfaa9200b14ae560c85e1{\nvertical-align:top;\nheight:600px;\nmin-height:600px;\n}\n.responsive #top #wrap_all .flex_cell.av-av_cell_three_fifth-a0e5eb3f726bfaa9200b14ae560c85e1{\npadding:30px 30px 30px 30px !important;\n}\n<\/style>\n<div class='flex_cell av-av_cell_three_fifth-a0e5eb3f726bfaa9200b14ae560c85e1 av-gridrow-cell av_three_fifth no_margin  avia-builder-el-5  el_after_av_cell_one_fifth  el_before_av_cell_one_fifth  content-align-top'  ><div class='flex_cell_inner'><div class='flex_column_table av-av_one_full-67adf0f1abfc2242a214758f2160949a sc-av_one_full av-equal-height-column-flextable'>\n<style type=\"text\/css\" data-created_by=\"avia_inline_auto\" id=\"style-css-av-av_one_full-67adf0f1abfc2242a214758f2160949a\">\n.flex_column.av-av_one_full-67adf0f1abfc2242a214758f2160949a{\nborder-radius:0px 0px 0px 0px;\npadding:0px 0px 0px 0px;\n}\n<\/style>\n<div  class='flex_column av-av_one_full-67adf0f1abfc2242a214758f2160949a av_one_full  avia-builder-el-6  avia-builder-el-no-sibling  first flex_column_table_cell av-equal-height-column av-align-top av-zero-column-padding  '     ><section  class='av_textblock_section av-av_textblock-2de302bf1aa3cf4c9157dbe6f50ac7eb '   itemscope=\"itemscope\" itemtype=\"https:\/\/schema.org\/CreativeWork\" ><div class='avia_textblock'  itemprop=\"text\" ><h1>Impressum<\/h1>\n<p><span style=\"color: #ff6600;\">Kinderarztpraxis Dorfen \/ Ina Albrich<\/span><br \/>\nKommerzienrat &#8211; Meindl &#8211; Str. 1<br \/>\n84405 Dorfen<br \/>\nTel.: 08081 23 19<br \/>\n<span style=\"color: #ff6600;\">Email<\/span>: info@kinderarzt-dorfen.de<\/p>\n<p><strong>Gesetzliche Berufsbezeichnung:<\/strong> Arzt<br \/>\n<strong>Staat der die Berufsbezeichnung verliehen hat:<\/strong> Deutschland<br \/>\n<strong>\u00c4rztekammer:<\/strong><br \/>\nBayerische Landes\u00e4rztekammer, M\u00fchlbauerstr. 16, 81677 M\u00fcnchen \/ <span style=\"color: #ff6600;\"><a style=\"color: #ff6600;\" href=\"http:\/\/www.blaek.de\">www.blaek.de<\/a><\/span><br \/>\n<strong>Kassen\u00e4rztliche Vereinigung:<\/strong><br \/>\nKassen\u00e4rztliche Vereinigung Bayerns, Elsenheimerstr. 39, 80687 M\u00fcnchen \/ <span style=\"color: #ff6600;\"><a style=\"color: #ff6600;\" href=\"http:\/\/www.kvb.de\">www.kvb.de<\/a><\/span><br \/>\n<strong>Berufsordnung f\u00fcr die \u00c4rzte Bayerns:<\/strong> <a href=\"http:\/\/www.blaek.de\"><span style=\"color: #ff6600;\">www.blaek.de<\/span><\/a><\/p>\n<p><strong>Copyright:<\/strong> Alle Inhalte dieser Website, wie Texte, Bilder, Grafiken und zum Download angebotene Dateien unterliegen dem Schutz des Urheberrechts. Die &#8211; auch teilweise &#8211; Nutzung und\/oder Weitergabe von Inhalten dieser Homepage ohne vorherige Genehmigung des Rechteinhabers ist rechtswidrig. Ebenso sind Markenzeichen diese Website markenrechtlich gesch\u00fctzt, es sei denn, dies ist ausdr\u00fccklich anders angegeben. Dies gilt auch f\u00fcr die Grafiken und das Praxislogo, deren Download und Weiterverwendung nicht gestattet ist.<\/p>\n<p><strong>Die Fotos<\/strong> sind, soweit nicht anders erw\u00e4hnt, von: \/\/\/ design is a feeling \/\/\/ und Ina und Kurt Albrich. F\u00fcr die Introfotos von:\u00a0 Intro\/Home\/Praxis\/Notfall\/Sprechstunde\/Leistungen\/Downloads\/ Zeichnungen\/Info\/Kontakt\/Impressum wurden die Nutzungsrechte von www.digitalstock.de und www.panthermedia.net k\u00e4uflich erworben.<\/p>\n<p><strong>Haftungsausschluss: <\/strong>Der Inhalt dieser Website ist ausschlie\u00dflich zu Informationszwecken bestimmt. Die Informationen auf dieser Internetseite sind kein Ersatz f\u00fcr professionelle Beratungen oder Behandlungen durch den ausgebildeten Kinder- und Jugendarzt. Der Inhalt kann nicht zur Erstellung von Diagnosen oder Behandlung Kranker verwendet werden. F\u00fcr Sch\u00e4den die durch die Nutzung der bereitgestellten Informationen entstehen, kann die Herausgeberin dieser Seite Frau Ina Albrich nicht &#8211; weder direkt noch indirekt &#8211; zur Verantwortung gezogen werden. Gleiches gilt f\u00fcr die Inhalte der auf dieser Seite verlinken Internetangeboten. F\u00fcr den Inhalt der verlinkten Seiten ist allein der Herausgeber der Seite verantwortlich und nicht der der einen Link darauf setzt.<\/p>\n<p><strong>Datenschutz:\u00a0<\/strong>Wir gehen mit Ihren Daten verantwortungsvoll um! Wir sind stets bem\u00fcht, Ihre Daten f\u00fcr Dritte nicht zug\u00e4nglich zu machen. Bei der Kommunikation per E-Mail kann die vollst\u00e4ndige Datensicherheit nicht gew\u00e4hrleistet werden, daher empfehlen wir f\u00fcr vertrauliche Informationen der Postweg zu benutzen.<\/p>\n<\/div><\/section><\/div><\/div><!--close column table wrapper. Autoclose: 1 -->\n<\/div><\/div>\n<style type=\"text\/css\" data-created_by=\"avia_inline_auto\" id=\"style-css-av-av_cell_one_fifth-054d9ed4f11cc1bbadc3e2cc00e4107b\">\n.flex_cell.av-av_cell_one_fifth-054d9ed4f11cc1bbadc3e2cc00e4107b{\nvertical-align:top;\nheight:600px;\nmin-height:600px;\n}\n.responsive #top #wrap_all .flex_cell.av-av_cell_one_fifth-054d9ed4f11cc1bbadc3e2cc00e4107b{\npadding:30px 30px 30px 30px !important;\n}\n<\/style>\n<div class='flex_cell av-av_cell_one_fifth-054d9ed4f11cc1bbadc3e2cc00e4107b av-gridrow-cell av_one_fifth no_margin av-hide-on-mobile  avia-builder-el-8  el_after_av_cell_three_fifth  avia-builder-el-last  content-align-top'  ><div class='flex_cell_inner'><p>\n<style type=\"text\/css\" data-created_by=\"avia_inline_auto\" id=\"style-css-av-av_one_full-15d750bd1b332b34c6e70b077ebbccdf\">\n.flex_column.av-av_one_full-15d750bd1b332b34c6e70b077ebbccdf{\nborder-radius:0px 0px 0px 0px;\npadding:0px 0px 0px 0px;\n}\n<\/style>\n<div  class='flex_column av-av_one_full-15d750bd1b332b34c6e70b077ebbccdf av_one_full  avia-builder-el-9  el_before_av_one_full  avia-builder-el-first  first flex_column_div av-zero-column-padding  '     ><div  class='avia-builder-widget-area clearfix  avia-builder-el-10  avia-builder-el-no-sibling '><section id=\"media_image-2\" class=\"widget clearfix widget_media_image\"><img loading=\"lazy\" decoding=\"async\" width=\"200\" height=\"148\" src=\"https:\/\/www.kinderarztpraxis-dorfen.de\/wp-content\/uploads\/2017\/08\/logo_side3.png\" class=\"image wp-image-375  attachment-full size-full\" alt=\"\" style=\"max-width: 100%; height: auto;\" \/><span class=\"seperator extralight-border\"><\/span><\/section><\/div><\/div>\n<style type=\"text\/css\" data-created_by=\"avia_inline_auto\" id=\"style-css-av-av_one_full-339b27220bcf2175845c2ddffb9fddd3\">\n#top .flex_column.av-av_one_full-339b27220bcf2175845c2ddffb9fddd3{\nmargin-top:0px;\nmargin-bottom:0px;\n}\n.flex_column.av-av_one_full-339b27220bcf2175845c2ddffb9fddd3{\nborder-radius:0px 0px 0px 0px;\npadding:0px 0px 0px 0px;\nbackground:url(https:\/\/www.kinderarztpraxis-dorfen.de\/wp-content\/uploads\/2017\/08\/menu-side_neu6.png) 0% 0% no-repeat scroll ;\n}\n.responsive #top #wrap_all .flex_column.av-av_one_full-339b27220bcf2175845c2ddffb9fddd3{\nmargin-top:0px;\nmargin-bottom:0px;\n}\n<\/style>\n<div  class='flex_column av-av_one_full-339b27220bcf2175845c2ddffb9fddd3 av_one_full  avia-builder-el-11  el_after_av_one_full  avia-builder-el-last  first flex_column_div av-zero-column-padding  column-top-margin'     ><p>\n<style type=\"text\/css\" data-created_by=\"avia_inline_auto\" id=\"style-css-av-av_hr-4474f20d2389e2e5ecf918a02da5132e\">\n#top .hr.hr-invisible.av-av_hr-4474f20d2389e2e5ecf918a02da5132e{\nheight:50px;\n}\n<\/style>\n<div  class='hr av-av_hr-4474f20d2389e2e5ecf918a02da5132e hr-invisible  avia-builder-el-12  el_before_av_sidebar  avia-builder-el-first '><span class='hr-inner '><span class=\"hr-inner-style\"><\/span><\/span><\/div><br \/>\n<div  class='avia-builder-widget-area clearfix  avia-builder-el-13  el_after_av_hr  el_before_av_hr '><section id=\"nav_menu-2\" class=\"widget clearfix widget_nav_menu\"><div class=\"menu-footer-container\"><ul id=\"menu-footer\" class=\"menu\"><li id=\"menu-item-926\" class=\"menu-item menu-item-type-post_type menu-item-object-page menu-item-926\"><a href=\"https:\/\/www.kinderarztpraxis-dorfen.de\/?page_id=25\">Info<\/a><\/li>\n<\/ul><\/div><span class=\"seperator extralight-border\"><\/span><\/section><\/div><br \/>\n\n<style type=\"text\/css\" data-created_by=\"avia_inline_auto\" id=\"style-css-av-av_hr-65b06904afd06ec0b732893ce6e4b030\">\n#top .hr.hr-invisible.av-av_hr-65b06904afd06ec0b732893ce6e4b030{\nheight:200px;\n}\n<\/style>\n<div  class='hr av-av_hr-65b06904afd06ec0b732893ce6e4b030 hr-invisible  avia-builder-el-14  el_after_av_sidebar  avia-builder-el-last '><span class='hr-inner '><span class=\"hr-inner-style\"><\/span><\/span><\/div><\/p><\/div><\/p>\n<\/div><\/div><\/div>\n","protected":false},"excerpt":{"rendered":"","protected":false},"author":2,"featured_media":0,"parent":0,"menu_order":0,"comment_status":"closed","ping_status":"closed","template":"","meta":{"footnotes":""},"class_list":["post-758","page","type-page","status-publish","hentry"],"_links":{"self":[{"href":"https:\/\/www.kinderarztpraxis-dorfen.de\/index.php?rest_route=\/wp\/v2\/pages\/758","targetHints":{"allow":["GET"]}}],"collection":[{"href":"https:\/\/www.kinderarztpraxis-dorfen.de\/index.php?rest_route=\/wp\/v2\/pages"}],"about":[{"href":"https:\/\/www.kinderarztpraxis-dorfen.de\/index.php?rest_route=\/wp\/v2\/types\/page"}],"author":[{"embeddable":true,"href":"https:\/\/www.kinderarztpraxis-dorfen.de\/index.php?rest_route=\/wp\/v2\/users\/2"}],"replies":[{"embeddable":true,"href":"https:\/\/www.kinderarztpraxis-dorfen.de\/index.php?rest_route=%2Fwp%2Fv2%2Fcomments&post=758"}],"version-history":[{"count":11,"href":"https:\/\/www.kinderarztpraxis-dorfen.de\/index.php?rest_route=\/wp\/v2\/pages\/758\/revisions"}],"predecessor-version":[{"id":1191,"href":"https:\/\/www.kinderarztpraxis-dorfen.de\/index.php?rest_route=\/wp\/v2\/pages\/758\/revisions\/1191"}],"wp:attachment":[{"href":"https:\/\/www.kinderarztpraxis-dorfen.de\/index.php?rest_route=%2Fwp%2Fv2%2Fmedia&parent=758"}],"curies":[{"name":"wp","href":"https:\/\/api.w.org\/{rel}","templated":true}]}}