{"id":59,"date":"2017-08-28T11:18:58","date_gmt":"2017-08-28T09:18:58","guid":{"rendered":"http:\/\/www.kinderarztpraxis-dorfen.de\/?page_id=59"},"modified":"2024-02-15T09:45:25","modified_gmt":"2024-02-15T08:45:25","slug":"praxisgebaude","status":"publish","type":"page","link":"https:\/\/www.kinderarztpraxis-dorfen.de\/?page_id=59","title":{"rendered":"Praxisgeb\u00e4ude"},"content":{"rendered":"<div id='av-layout-grid-1'  class='av-layout-grid-container av-av_layout_row-9f0fe6a8d6ba1cd9c5a16826d741c412 entry-content-wrapper main_color av-flex-cells  avia-builder-el-0  avia-builder-el-no-sibling   container_wrap fullsize'  >\n\n<style type=\"text\/css\" data-created_by=\"avia_inline_auto\" id=\"style-css-av-av_cell_two_fifth-478e601141f777c114317b69b95234cf\">\n.flex_cell.av-av_cell_two_fifth-478e601141f777c114317b69b95234cf{\nvertical-align:top;\nheight:600px;\nmin-height:600px;\n}\n.responsive #top #wrap_all .flex_cell.av-av_cell_two_fifth-478e601141f777c114317b69b95234cf{\npadding:30px 30px 30px 30px !important;\n}\n<\/style>\n<div class='flex_cell av-av_cell_two_fifth-478e601141f777c114317b69b95234cf av-gridrow-cell av_two_fifth no_margin  avia-builder-el-1  el_before_av_cell_two_fifth  avia-builder-el-first  content-align-top'  ><div class='flex_cell_inner'>\n<style type=\"text\/css\" data-created_by=\"avia_inline_auto\" id=\"style-css-av-av_one_full-15d750bd1b332b34c6e70b077ebbccdf\">\n.flex_column.av-av_one_full-15d750bd1b332b34c6e70b077ebbccdf{\nborder-radius:0px 0px 0px 0px;\npadding:0px 0px 0px 0px;\n}\n<\/style>\n<div  class='flex_column av-av_one_full-15d750bd1b332b34c6e70b077ebbccdf av_one_full  avia-builder-el-2  avia-builder-el-no-sibling  first flex_column_div av-zero-column-padding  '     ><style type=\"text\/css\" data-created_by=\"avia_inline_auto\" id=\"style-css-av-av_image-62e8ed93e85061d9050d382f27a0ca78\">\n.avia-image-container.av-av_image-62e8ed93e85061d9050d382f27a0ca78 img.avia_image{\nbox-shadow:none;\n}\n.avia-image-container.av-av_image-62e8ed93e85061d9050d382f27a0ca78 .av-image-caption-overlay-center{\ncolor:#ffffff;\n}\n<\/style>\n<div  class='avia-image-container av-av_image-62e8ed93e85061d9050d382f27a0ca78 av-styling- avia-align-center  avia-builder-el-3  avia-builder-el-no-sibling '   itemprop=\"image\" itemscope=\"itemscope\" itemtype=\"https:\/\/schema.org\/ImageObject\" ><div class=\"avia-image-container-inner\"><div class=\"avia-image-overlay-wrap\"><img decoding=\"async\" fetchpriority=\"high\" class='wp-image-60 avia-img-lazy-loading-not-60 avia_image ' src=\"https:\/\/www.kinderarztpraxis-dorfen.de\/wp-content\/uploads\/2017\/08\/35.jpg\" alt='' title='35'  height=\"428\" width=\"650\"  itemprop=\"thumbnailUrl\" srcset=\"https:\/\/www.kinderarztpraxis-dorfen.de\/wp-content\/uploads\/2017\/08\/35.jpg 650w, https:\/\/www.kinderarztpraxis-dorfen.de\/wp-content\/uploads\/2017\/08\/35-300x198.jpg 300w, https:\/\/www.kinderarztpraxis-dorfen.de\/wp-content\/uploads\/2017\/08\/35-450x296.jpg 450w\" sizes=\"(max-width: 650px) 100vw, 650px\" \/><\/div><\/div><\/div><\/div>\n<\/div><\/div>\n<style type=\"text\/css\" data-created_by=\"avia_inline_auto\" id=\"style-css-av-av_cell_two_fifth-a0e5eb3f726bfaa9200b14ae560c85e1\">\n.flex_cell.av-av_cell_two_fifth-a0e5eb3f726bfaa9200b14ae560c85e1{\nvertical-align:top;\nheight:600px;\nmin-height:600px;\n}\n.responsive #top #wrap_all .flex_cell.av-av_cell_two_fifth-a0e5eb3f726bfaa9200b14ae560c85e1{\npadding:30px 30px 30px 30px !important;\n}\n<\/style>\n<div class='flex_cell av-av_cell_two_fifth-a0e5eb3f726bfaa9200b14ae560c85e1 av-gridrow-cell av_two_fifth no_margin  avia-builder-el-4  el_after_av_cell_two_fifth  el_before_av_cell_one_fifth  content-align-top'  ><div class='flex_cell_inner'><div class='flex_column_table av-av_one_full-67adf0f1abfc2242a214758f2160949a sc-av_one_full av-equal-height-column-flextable'>\n<style type=\"text\/css\" data-created_by=\"avia_inline_auto\" id=\"style-css-av-av_one_full-67adf0f1abfc2242a214758f2160949a\">\n.flex_column.av-av_one_full-67adf0f1abfc2242a214758f2160949a{\nborder-radius:0px 0px 0px 0px;\npadding:0px 0px 0px 0px;\n}\n<\/style>\n<div  class='flex_column av-av_one_full-67adf0f1abfc2242a214758f2160949a av_one_full  avia-builder-el-5  avia-builder-el-no-sibling  first flex_column_table_cell av-equal-height-column av-align-top av-zero-column-padding  '     ><section  class='av_textblock_section av-av_textblock-2de302bf1aa3cf4c9157dbe6f50ac7eb '   itemscope=\"itemscope\" itemtype=\"https:\/\/schema.org\/CreativeWork\" ><div class='avia_textblock'  itemprop=\"text\" ><h1>Praxisgeb\u00e4ude<\/h1>\n<p>Unsere Praxis ist leicht zu erreichen. Mit dem <strong>PKW<\/strong> sind wir \u00fcber die Bundesstra\u00dfe <strong>B15<\/strong> erreichbar (gegen\u00fcber Heuschneider), Parkpl\u00e4tze finden Sie direkt vor dem Haus. Mit dem \u00f6ffentlichen Personenverkehr (<strong>Bus und Bahn<\/strong>) sind wir \u00fcber den Bahnhof erreichbar, der 500 m weit weg ist.<br \/>\nAus der Stadtmitte sind wir \u00fcber den Bahnweg (Fu\u00df- und Radweg) schnell erreichbar, die Entfernung zum Rathausplatz betr\u00e4gt ca. 600m.<\/p>\n<p>Sollten Sie jedoch weitere Fragen haben, kontaktieren Sie uns einfach\u00a0 unter folgenden Telefonnummer:<br \/>\n<strong>Tel.: 08081 23 19<\/strong><\/p>\n<p>M\u00f6chten Sie lieber \u00fcber <strong><span style=\"color: #ff6600;\">Google Maps <\/span><\/strong>zu uns geleitet werden? Klicken Sie bitte<a href=\"https:\/\/www.google.com\/maps\/place\/Kinderarztpraxis+Dorfen\/@48.2689122,12.1516154,16.75z\/data=!4m8!1m2!2m1!1s+!3m4!1s0x0:0xd28802fc5e1a6ae5!8m2!3d48.2680978!4d12.154634\"> hier<\/a>.<\/p>\n<p><div  class='avia-button-wrap av-av_button-95550067b25bcd4969fce03ad6dd6714-wrap avia-button-left  avia-builder-el-7  el_before_av_button  avia-builder-el-first '><a href='https:\/\/www.kinderarztpraxis-dorfen.de\/?page_id=13\/'  class='avia-button av-av_button-95550067b25bcd4969fce03ad6dd6714 av-link-btn avia-icon_select-yes-left-icon avia-size-small avia-position-left avia-color-theme-color'   aria-label=\"&lt; zur\u00fcck\"><span class='avia_button_icon avia_button_icon_left avia-svg-icon avia-font-svg_entypo-fontello' data-av_svg_icon='' data-av_iconset='svg_entypo-fontello'><\/span><span class='avia_iconbox_title' >&lt; zur\u00fcck<\/span><\/a><\/div> <div  class='avia-button-wrap av-av_button-c81e2b1f9312ea0c6f98b1b459f1009a-wrap avia-button-right  avia-builder-el-8  el_after_av_button  avia-builder-el-last '><a href='https:\/\/www.kinderarztpraxis-dorfen.de\/?page_id=536\/'  class='avia-button av-av_button-c81e2b1f9312ea0c6f98b1b459f1009a av-link-btn avia-icon_select-yes-right-icon avia-size-small avia-position-right avia-color-theme-color'   aria-label=\"vor\"><span class='avia_iconbox_title' >vor<\/span><span class='avia_button_icon avia_button_icon_right avia-iconfont avia-font-entypo-fontello' data-av_icon='\ue879' data-av_iconfont='entypo-fontello' ><\/span><\/a><\/div><\/p>\n<\/div><\/section><\/div><\/div><!--close column table wrapper. Autoclose: 1 -->\n<\/div><\/div>\n<style type=\"text\/css\" data-created_by=\"avia_inline_auto\" id=\"style-css-av-av_cell_one_fifth-054d9ed4f11cc1bbadc3e2cc00e4107b\">\n.flex_cell.av-av_cell_one_fifth-054d9ed4f11cc1bbadc3e2cc00e4107b{\nvertical-align:top;\nheight:600px;\nmin-height:600px;\n}\n.responsive #top #wrap_all .flex_cell.av-av_cell_one_fifth-054d9ed4f11cc1bbadc3e2cc00e4107b{\npadding:30px 30px 30px 30px !important;\n}\n<\/style>\n<div class='flex_cell av-av_cell_one_fifth-054d9ed4f11cc1bbadc3e2cc00e4107b av-gridrow-cell av_one_fifth no_margin av-hide-on-mobile  avia-builder-el-9  el_after_av_cell_two_fifth  avia-builder-el-last  content-align-top'  ><div class='flex_cell_inner'><p>\n<style type=\"text\/css\" data-created_by=\"avia_inline_auto\" id=\"style-css-av-av_one_full-15d750bd1b332b34c6e70b077ebbccdf\">\n.flex_column.av-av_one_full-15d750bd1b332b34c6e70b077ebbccdf{\nborder-radius:0px 0px 0px 0px;\npadding:0px 0px 0px 0px;\n}\n<\/style>\n<div  class='flex_column av-av_one_full-15d750bd1b332b34c6e70b077ebbccdf av_one_full  avia-builder-el-10  el_before_av_one_full  avia-builder-el-first  first flex_column_div av-zero-column-padding  '     ><div  class='avia-builder-widget-area clearfix  avia-builder-el-11  avia-builder-el-no-sibling '><section id=\"media_image-2\" class=\"widget clearfix widget_media_image\"><img loading=\"lazy\" decoding=\"async\" width=\"200\" height=\"148\" src=\"https:\/\/www.kinderarztpraxis-dorfen.de\/wp-content\/uploads\/2017\/08\/logo_side3.png\" class=\"image wp-image-375  attachment-full size-full\" alt=\"\" style=\"max-width: 100%; height: auto;\" \/><span class=\"seperator extralight-border\"><\/span><\/section><\/div><\/div>\n<style type=\"text\/css\" data-created_by=\"avia_inline_auto\" id=\"style-css-av-av_one_full-339b27220bcf2175845c2ddffb9fddd3\">\n#top .flex_column.av-av_one_full-339b27220bcf2175845c2ddffb9fddd3{\nmargin-top:0px;\nmargin-bottom:0px;\n}\n.flex_column.av-av_one_full-339b27220bcf2175845c2ddffb9fddd3{\nborder-radius:0px 0px 0px 0px;\npadding:0px 0px 0px 0px;\nbackground:url(https:\/\/www.kinderarztpraxis-dorfen.de\/wp-content\/uploads\/2017\/08\/menu-side_neu6.png) 0% 0% no-repeat scroll ;\n}\n.responsive #top #wrap_all .flex_column.av-av_one_full-339b27220bcf2175845c2ddffb9fddd3{\nmargin-top:0px;\nmargin-bottom:0px;\n}\n<\/style>\n<div  class='flex_column av-av_one_full-339b27220bcf2175845c2ddffb9fddd3 av_one_full  avia-builder-el-12  el_after_av_one_full  avia-builder-el-last  first flex_column_div av-zero-column-padding  column-top-margin'     ><p>\n<style type=\"text\/css\" data-created_by=\"avia_inline_auto\" id=\"style-css-av-av_hr-4474f20d2389e2e5ecf918a02da5132e\">\n#top .hr.hr-invisible.av-av_hr-4474f20d2389e2e5ecf918a02da5132e{\nheight:50px;\n}\n<\/style>\n<div  class='hr av-av_hr-4474f20d2389e2e5ecf918a02da5132e hr-invisible  avia-builder-el-13  el_before_av_sidebar  avia-builder-el-first '><span class='hr-inner '><span class=\"hr-inner-style\"><\/span><\/span><\/div><br \/>\n<div  class='avia-builder-widget-area clearfix  avia-builder-el-14  el_after_av_hr  el_before_av_hr '><section id=\"nav_menu-2\" class=\"widget clearfix widget_nav_menu\"><div class=\"menu-footer-container\"><ul id=\"menu-footer\" class=\"menu\"><li id=\"menu-item-926\" class=\"menu-item menu-item-type-post_type menu-item-object-page menu-item-926\"><a href=\"https:\/\/www.kinderarztpraxis-dorfen.de\/?page_id=25\">Info<\/a><\/li>\n<\/ul><\/div><span class=\"seperator extralight-border\"><\/span><\/section><\/div><br \/>\n\n<style type=\"text\/css\" data-created_by=\"avia_inline_auto\" id=\"style-css-av-av_hr-65b06904afd06ec0b732893ce6e4b030\">\n#top .hr.hr-invisible.av-av_hr-65b06904afd06ec0b732893ce6e4b030{\nheight:200px;\n}\n<\/style>\n<div  class='hr av-av_hr-65b06904afd06ec0b732893ce6e4b030 hr-invisible  avia-builder-el-15  el_after_av_sidebar  avia-builder-el-last '><span class='hr-inner '><span class=\"hr-inner-style\"><\/span><\/span><\/div><\/p><\/div><\/p>\n<\/div><\/div><\/div>\n","protected":false},"excerpt":{"rendered":"","protected":false},"author":2,"featured_media":0,"parent":0,"menu_order":0,"comment_status":"closed","ping_status":"closed","template":"","meta":{"footnotes":""},"class_list":["post-59","page","type-page","status-publish","hentry"],"_links":{"self":[{"href":"https:\/\/www.kinderarztpraxis-dorfen.de\/index.php?rest_route=\/wp\/v2\/pages\/59","targetHints":{"allow":["GET"]}}],"collection":[{"href":"https:\/\/www.kinderarztpraxis-dorfen.de\/index.php?rest_route=\/wp\/v2\/pages"}],"about":[{"href":"https:\/\/www.kinderarztpraxis-dorfen.de\/index.php?rest_route=\/wp\/v2\/types\/page"}],"author":[{"embeddable":true,"href":"https:\/\/www.kinderarztpraxis-dorfen.de\/index.php?rest_route=\/wp\/v2\/users\/2"}],"replies":[{"embeddable":true,"href":"https:\/\/www.kinderarztpraxis-dorfen.de\/index.php?rest_route=%2Fwp%2Fv2%2Fcomments&post=59"}],"version-history":[{"count":30,"href":"https:\/\/www.kinderarztpraxis-dorfen.de\/index.php?rest_route=\/wp\/v2\/pages\/59\/revisions"}],"predecessor-version":[{"id":1179,"href":"https:\/\/www.kinderarztpraxis-dorfen.de\/index.php?rest_route=\/wp\/v2\/pages\/59\/revisions\/1179"}],"wp:attachment":[{"href":"https:\/\/www.kinderarztpraxis-dorfen.de\/index.php?rest_route=%2Fwp%2Fv2%2Fmedia&parent=59"}],"curies":[{"name":"wp","href":"https:\/\/api.w.org\/{rel}","templated":true}]}}