{"id":10,"date":"2017-08-28T07:12:57","date_gmt":"2017-08-28T05:12:57","guid":{"rendered":"http:\/\/www.kinderarztpraxis-dorfen.de\/?page_id=10"},"modified":"2026-04-13T08:36:31","modified_gmt":"2026-04-13T06:36:31","slug":"home","status":"publish","type":"page","link":"https:\/\/www.kinderarztpraxis-dorfen.de\/","title":{"rendered":"Home"},"content":{"rendered":"\n<style type=\"text\/css\" data-created_by=\"avia_inline_auto\" id=\"style-css-av-dbyse-afacd156b422ea052b2502003631403c\">\n.av_promobox.av-dbyse-afacd156b422ea052b2502003631403c{\ncolor:#ededea;\nbackground:#f5952f;\nborder-color:#ededea;\n}\n<\/style>\n<div  class='av_promobox av-dbyse-afacd156b422ea052b2502003631403c avia-button-no  avia-builder-el-0  el_before_av_layout_row  avia-builder-el-no-sibling '><div class='avia-promocontent'><p>\nLiebe Eltern, Liebe Patienten,<\/p>\n<p><strong>Aufgrund der Personalsituation k\u00f6nnen wir aktuell keine neuen Patienten aufnehmen.<br \/>\n<\/strong>(Ausnahme Neugeborene aus Dorfen und Geschwisterkinder)<\/p>\n<p>Geplante Termine halten wir ein!<\/p>\n<\/div><\/div>\n<\/div><\/div><\/div><!-- close content main div --><\/div><\/div><div id='startseite'  class='av-layout-grid-container av-cnu1e-8be077de7ccff4a8e65f7db4a96f4882 entry-content-wrapper main_color av-flex-cells  avia-builder-el-1  el_after_av_promobox  el_before_av_icon_box  grid-row-not-first  container_wrap fullsize'  >\n\n<style type=\"text\/css\" data-created_by=\"avia_inline_auto\" id=\"style-css-av-c2qmi-a66c8671aae19dd0630193c94bbae547\">\n.flex_cell.av-c2qmi-a66c8671aae19dd0630193c94bbae547{\nvertical-align:top;\nheight:600px;\nmin-height:600px;\n}\n.responsive #top #wrap_all .flex_cell.av-c2qmi-a66c8671aae19dd0630193c94bbae547{\npadding:30px 30px 30px 30px !important;\n}\n<\/style>\n<div class='flex_cell av-c2qmi-a66c8671aae19dd0630193c94bbae547 av-gridrow-cell av_two_fifth no_margin  avia-builder-el-2  el_before_av_cell_two_fifth  avia-builder-el-first  content-align-top'  ><div class='flex_cell_inner'>\n<style type=\"text\/css\" data-created_by=\"avia_inline_auto\" id=\"style-css-av-bsz5q-c3299b14c2cacaa00212bcd6a73e9ecf\">\n.flex_column.av-bsz5q-c3299b14c2cacaa00212bcd6a73e9ecf{\nborder-radius:0px 0px 0px 0px;\npadding:0px 0px 0px 0px;\n}\n<\/style>\n<div  class='flex_column av-bsz5q-c3299b14c2cacaa00212bcd6a73e9ecf av_one_full  avia-builder-el-3  avia-builder-el-no-sibling  first flex_column_div av-zero-column-padding  '     ><style type=\"text\/css\" data-created_by=\"avia_inline_auto\" id=\"style-css-av-b8ahe-eae0ea1b7d048bc7753862bde96c2a65\">\n.avia-image-container.av-b8ahe-eae0ea1b7d048bc7753862bde96c2a65 img.avia_image{\nbox-shadow:none;\n}\n.avia-image-container.av-b8ahe-eae0ea1b7d048bc7753862bde96c2a65 .av-image-caption-overlay-center{\ncolor:#ffffff;\n}\n<\/style>\n<div  class='avia-image-container av-b8ahe-eae0ea1b7d048bc7753862bde96c2a65 av-styling- avia-align-center  avia-builder-el-4  avia-builder-el-no-sibling  av-desktop-hide av-medium-hide'   itemprop=\"image\" itemscope=\"itemscope\" itemtype=\"https:\/\/schema.org\/ImageObject\" ><div class=\"avia-image-container-inner\"><div class=\"avia-image-overlay-wrap\"><img decoding=\"async\" fetchpriority=\"high\" class='wp-image-46 avia-img-lazy-loading-not-46 avia_image ' src=\"https:\/\/www.kinderarztpraxis-dorfen.de\/wp-content\/uploads\/2017\/08\/1-2-254x300.jpg\" alt='' title='Kind'  height=\"300\" width=\"254\"  itemprop=\"thumbnailUrl\" srcset=\"https:\/\/www.kinderarztpraxis-dorfen.de\/wp-content\/uploads\/2017\/08\/1-2-254x300.jpg 254w, https:\/\/www.kinderarztpraxis-dorfen.de\/wp-content\/uploads\/2017\/08\/1-2-596x705.jpg 596w, https:\/\/www.kinderarztpraxis-dorfen.de\/wp-content\/uploads\/2017\/08\/1-2-450x532.jpg 450w, https:\/\/www.kinderarztpraxis-dorfen.de\/wp-content\/uploads\/2017\/08\/1-2.jpg 606w\" sizes=\"(max-width: 254px) 100vw, 254px\" \/><\/div><\/div><\/div><\/div>\n<\/div><\/div>\n<style type=\"text\/css\" data-created_by=\"avia_inline_auto\" id=\"style-css-av-11v4i-66e106e011463650fd2eb7d47d6a4a16\">\n.flex_cell.av-11v4i-66e106e011463650fd2eb7d47d6a4a16{\nvertical-align:top;\nheight:600px;\nmin-height:600px;\n}\n.responsive #top #wrap_all .flex_cell.av-11v4i-66e106e011463650fd2eb7d47d6a4a16{\npadding:30px 30px 30px 30px !important;\n}\n<\/style>\n<div class='flex_cell av-11v4i-66e106e011463650fd2eb7d47d6a4a16 av-gridrow-cell av_two_fifth no_margin  avia-builder-el-5  el_after_av_cell_two_fifth  el_before_av_cell_one_fifth  content-align-top'  ><div class='flex_cell_inner'><div class='flex_column_table av-9o89u-51e477aa961e4386399ff6aed2fde693 sc-av_one_full av-equal-height-column-flextable'>\n<style type=\"text\/css\" data-created_by=\"avia_inline_auto\" id=\"style-css-av-9o89u-51e477aa961e4386399ff6aed2fde693\">\n.flex_column.av-9o89u-51e477aa961e4386399ff6aed2fde693{\nborder-radius:0px 0px 0px 0px;\npadding:0px 0px 0px 0px;\n}\n<\/style>\n<div  class='flex_column av-9o89u-51e477aa961e4386399ff6aed2fde693 av_one_full  avia-builder-el-6  avia-builder-el-no-sibling  first flex_column_table_cell av-equal-height-column av-align-top av-zero-column-padding  '     ><p><div  class='hr av-97na6-129c626f1931541fdfbc25abf7d15e44 hr-default  avia-builder-el-7  el_before_av_textblock  avia-builder-el-first '><span class='hr-inner '><span class=\"hr-inner-style\"><\/span><\/span><\/div><br \/>\n\n<style type=\"text\/css\" data-created_by=\"avia_inline_auto\" id=\"style-css-av-8lmue-3693c173ffd96eb4ac0185901bcb75e6\">\n\n@media only screen and (max-width: 479px){ \n#top .av_textblock_section.av-8lmue-3693c173ffd96eb4ac0185901bcb75e6 .avia_textblock{\nfont-size:10px;\n}\n}\n<\/style>\n<section  class='av_textblock_section av-8lmue-3693c173ffd96eb4ac0185901bcb75e6 '   itemscope=\"itemscope\" itemtype=\"https:\/\/schema.org\/CreativeWork\" ><div class='avia_textblock av_inherit_color'  itemprop=\"text\" ><h2>Liebe Eltern, liebe Kinder und Jugendliche,<\/h2>\n<h3>herzlich willkommen auf der Homepage unserer Praxis.<\/h3>\n<p>Wir m\u00f6chten Sie auch online mit Informationen rund um unsere Praxis versorgen.<br \/>\nSie bekommen einen Einblick \u00fcber unser Leistungsangebot, unser Praxisteam sowie organisatorische Tipps zu den Sprechzeiten und Praxisanfahrt.<\/p>\n<p>F\u00fcr den Notfall haben wir in dem entsprechenden Bereich die wichtigsten Telefonnummern aufgelistet. Im Bereich Download finden Sie n\u00fctzliche Informationen zu Themen die Sie interessieren k\u00f6nnten. Unter Infos finden Sie immer wieder aktuelle Nachrichten.<\/p>\n<p>Wir w\u00fcnschen allen viel Spa\u00df beim st\u00f6bern auf unseren Seiten und freuen uns \u00fcber R\u00fcckmeldungen und Anregungen.<\/p>\n<p>Sie erreichen uns telefonisch unter<strong> <span style=\"color: #ff6600;\">08081 \/ 2319<\/span><\/strong>. Oder per Email: <span style=\"color: #ff6600;\">praxis@kinderarzt-dorfen.de<\/span><\/p>\n<p>Ihr Praxisteam <strong><span style=\"color: #ff6600;\">Ina Albrich<br \/>\n<\/span><\/strong><\/p>\n<\/div><\/section><br \/>\n<div  class='hr av-8667i-02c5ee69f04d16a0f27288f2ce86f293 hr-default  avia-builder-el-9  el_after_av_textblock  avia-builder-el-last '><span class='hr-inner '><span class=\"hr-inner-style\"><\/span><\/span><\/div><\/p><\/div><\/div><!--close column table wrapper. Autoclose: 1 -->\n<\/div><\/div>\n<style type=\"text\/css\" data-created_by=\"avia_inline_auto\" id=\"style-css-av-7hvtq-4d1f1597402633447bf4c952de28a400\">\n.flex_cell.av-7hvtq-4d1f1597402633447bf4c952de28a400{\nvertical-align:top;\nheight:600px;\nmin-height:600px;\n}\n.responsive #top #wrap_all .flex_cell.av-7hvtq-4d1f1597402633447bf4c952de28a400{\npadding:30px 30px 30px 30px !important;\n}\n<\/style>\n<div class='flex_cell av-7hvtq-4d1f1597402633447bf4c952de28a400 av-gridrow-cell av_one_fifth no_margin av-hide-on-mobile  avia-builder-el-10  el_after_av_cell_two_fifth  avia-builder-el-last  content-align-top'  ><div class='flex_cell_inner'><p>\n<style type=\"text\/css\" data-created_by=\"avia_inline_auto\" id=\"style-css-av-6uqc6-ca5470184d8c4034ae29cbd2a11d194b\">\n.flex_column.av-6uqc6-ca5470184d8c4034ae29cbd2a11d194b{\nborder-radius:0px 0px 0px 0px;\npadding:0px 0px 0px 0px;\n}\n<\/style>\n<div  class='flex_column av-6uqc6-ca5470184d8c4034ae29cbd2a11d194b av_one_full  avia-builder-el-11  el_before_av_one_full  avia-builder-el-first  first flex_column_div av-zero-column-padding  '     ><div  class='avia-builder-widget-area clearfix  avia-builder-el-12  avia-builder-el-no-sibling '><section id=\"media_image-2\" class=\"widget clearfix widget_media_image\"><img loading=\"lazy\" decoding=\"async\" width=\"200\" height=\"148\" src=\"https:\/\/www.kinderarztpraxis-dorfen.de\/wp-content\/uploads\/2017\/08\/logo_side3.png\" class=\"image wp-image-375  attachment-full size-full\" alt=\"\" style=\"max-width: 100%; height: auto;\" \/><span class=\"seperator extralight-border\"><\/span><\/section><\/div><\/div>\n<style type=\"text\/css\" data-created_by=\"avia_inline_auto\" id=\"style-css-av-5h1wu-86cb462d296708231ac4b46fec66616f\">\n#top .flex_column.av-5h1wu-86cb462d296708231ac4b46fec66616f{\nmargin-top:0px;\nmargin-bottom:0px;\n}\n.flex_column.av-5h1wu-86cb462d296708231ac4b46fec66616f{\nborder-radius:0px 0px 0px 0px;\npadding:0px 0px 0px 0px;\nbackground:url(https:\/\/www.kinderarztpraxis-dorfen.de\/wp-content\/uploads\/2017\/08\/menu-side_neu6.png) 0% 0% no-repeat scroll ;\n}\n.responsive #top #wrap_all .flex_column.av-5h1wu-86cb462d296708231ac4b46fec66616f{\nmargin-top:0px;\nmargin-bottom:0px;\n}\n<\/style>\n<div  class='flex_column av-5h1wu-86cb462d296708231ac4b46fec66616f av_one_full  avia-builder-el-13  el_after_av_one_full  avia-builder-el-last  first flex_column_div av-zero-column-padding  column-top-margin'     ><p>\n<style type=\"text\/css\" data-created_by=\"avia_inline_auto\" id=\"style-css-av-4wlna-57a825bedb802fabf4476458c0a881fe\">\n#top .hr.hr-invisible.av-4wlna-57a825bedb802fabf4476458c0a881fe{\nheight:50px;\n}\n<\/style>\n<div  class='hr av-4wlna-57a825bedb802fabf4476458c0a881fe hr-invisible  avia-builder-el-14  el_before_av_sidebar  avia-builder-el-first '><span class='hr-inner '><span class=\"hr-inner-style\"><\/span><\/span><\/div><br \/>\n<div  class='avia-builder-widget-area clearfix  avia-builder-el-15  el_after_av_hr  el_before_av_hr '><section id=\"nav_menu-2\" class=\"widget clearfix widget_nav_menu\"><div class=\"menu-footer-container\"><ul id=\"menu-footer\" class=\"menu\"><li id=\"menu-item-926\" class=\"menu-item menu-item-type-post_type menu-item-object-page menu-item-926\"><a href=\"https:\/\/www.kinderarztpraxis-dorfen.de\/?page_id=25\">Info<\/a><\/li>\n<\/ul><\/div><span class=\"seperator extralight-border\"><\/span><\/section><\/div><br \/>\n\n<style type=\"text\/css\" data-created_by=\"avia_inline_auto\" id=\"style-css-av-e4ca-064a5f488330c7e7f33d8e500b64b3fb\">\n#top .hr.hr-invisible.av-e4ca-064a5f488330c7e7f33d8e500b64b3fb{\nheight:200px;\n}\n<\/style>\n<div  class='hr av-e4ca-064a5f488330c7e7f33d8e500b64b3fb hr-invisible  avia-builder-el-16  el_after_av_sidebar  avia-builder-el-last '><span class='hr-inner '><span class=\"hr-inner-style\"><\/span><\/span><\/div><\/p><\/div><\/p>\n<\/div><\/div>\n<\/div><div id='after_grid_row_1'  class='main_color av_default_container_wrap container_wrap fullsize'  ><div class='container av-section-cont-open' ><div class='template-page content  av-content-full alpha units'><div class='post-entry post-entry-type-page post-entry-10'><div class='entry-content-wrapper clearfix'>\n\n<style type=\"text\/css\" data-created_by=\"avia_inline_auto\" id=\"style-css-av-34wqu-9b9762018f5fb44f8dbae658f1be2d57\">\n\n@media only screen and (max-width: 479px){ \n#top #wrap_all .iconbox.av-34wqu-9b9762018f5fb44f8dbae658f1be2d57 .iconbox_content_title{\nfont-size:10px;\n}\n.iconbox.av-34wqu-9b9762018f5fb44f8dbae658f1be2d57 .iconbox_content_container{\nfont-size:10px;\n}\n}\n<\/style>\n<article  class='iconbox iconbox_left av-34wqu-9b9762018f5fb44f8dbae658f1be2d57  avia-builder-el-17  el_after_av_layout_row  el_before_av_one_half  avia-builder-el-first '  itemscope=\"itemscope\" itemtype=\"https:\/\/schema.org\/CreativeWork\" ><div class=\"iconbox_content\"><header class=\"entry-content-header\" aria-label=\"Icon: PraxisApp &quot;Mein Kinder- und Jugendarzt&quot;\"><a href='https:\/\/www.monks-aerzte-im-netz.de\/praxisapp\/praxisapp-mein-kinder-und-jugendarzt\/' title='PraxisApp &quot;Mein Kinder- und Jugendarzt&quot;' aria-label='PraxisApp &quot;Mein Kinder- und Jugendarzt&quot;'  target=\"_blank\"  rel=\"noopener noreferrer\" class='iconbox_icon heading-color avia-iconfont avia-font-entypo-fontello' data-av_icon='\ue8ac' data-av_iconfont='entypo-fontello' title=\"PraxisApp &quot;Mein Kinder- und Jugendarzt&quot;\" desc=\"PraxisApp &quot;Mein Kinder- und Jugendarzt&quot;\" ><\/a><h3 class='iconbox_content_title '  itemprop=\"headline\" ><a href='https:\/\/www.monks-aerzte-im-netz.de\/praxisapp\/praxisapp-mein-kinder-und-jugendarzt\/' title='PraxisApp &quot;Mein Kinder- und Jugendarzt&quot;'  target=\"_blank\"  rel=\"noopener noreferrer\">PraxisApp \"Mein Kinder- und Jugendarzt\"<\/a><\/h3><\/header><div class='iconbox_content_container '  itemprop=\"text\" ><p>Unser Draht zu Ihnen!<\/p>\n<p>Laden Sie die App kostenlos aus dem AppStore oder bei Google-play\u00a0 und w\u00e4hlen Sie uns in der Arztliste aus. Sie erhalten automatisch\u00a0 die Anmeldenachrichten und werden f\u00fcr weitere Meldungen aus unserer Praxis freigeschaltet.<\/p>\n<\/div><\/div><footer class=\"entry-footer\"><\/footer><\/article>\n\n<style type=\"text\/css\" data-created_by=\"avia_inline_auto\" id=\"style-css-av-2v4te-8a7d939e44f001079b1820b3e78f88d1\">\n.flex_column.av-2v4te-8a7d939e44f001079b1820b3e78f88d1{\nborder-radius:0px 0px 0px 0px;\npadding:0px 0px 0px 0px;\n}\n<\/style>\n<div  class='flex_column av-2v4te-8a7d939e44f001079b1820b3e78f88d1 av_one_half  avia-builder-el-18  el_after_av_icon_box  el_before_av_two_fifth  first flex_column_div av-zero-column-padding  '     ><style type=\"text\/css\" data-created_by=\"avia_inline_auto\" id=\"style-css-av-6q7q-a05f75dc831f074d5a5d324dabb7d1c2\">\n.avia-image-container.av-6q7q-a05f75dc831f074d5a5d324dabb7d1c2 img.avia_image{\nbox-shadow:none;\n}\n.avia-image-container.av-6q7q-a05f75dc831f074d5a5d324dabb7d1c2 .av-image-caption-overlay-center{\ncolor:#ffffff;\n}\n<\/style>\n<div  class='avia-image-container av-6q7q-a05f75dc831f074d5a5d324dabb7d1c2 av-styling-no-styling avia-align-right  avia-builder-el-19  avia-builder-el-no-sibling '   itemprop=\"image\" itemscope=\"itemscope\" itemtype=\"https:\/\/schema.org\/ImageObject\" ><div class=\"avia-image-container-inner\"><div class=\"avia-image-overlay-wrap\"><img decoding=\"async\" fetchpriority=\"high\" class='wp-image-1268 avia-img-lazy-loading-not-1268 avia_image ' src=\"https:\/\/www.kinderarztpraxis-dorfen.de\/wp-content\/uploads\/2025\/06\/Logo-Meine-paediatrische-Praxis-web.png\" alt='' title='Logo-Meine-paediatrische-Praxis-web'  height=\"90\" width=\"478\"  itemprop=\"thumbnailUrl\" srcset=\"https:\/\/www.kinderarztpraxis-dorfen.de\/wp-content\/uploads\/2025\/06\/Logo-Meine-paediatrische-Praxis-web.png 478w, https:\/\/www.kinderarztpraxis-dorfen.de\/wp-content\/uploads\/2025\/06\/Logo-Meine-paediatrische-Praxis-web-300x56.png 300w, https:\/\/www.kinderarztpraxis-dorfen.de\/wp-content\/uploads\/2025\/06\/Logo-Meine-paediatrische-Praxis-web-450x85.png 450w\" sizes=\"(max-width: 478px) 100vw, 478px\" \/><\/div><\/div><\/div><\/div>\n\n<style type=\"text\/css\" data-created_by=\"avia_inline_auto\" id=\"style-css-av-1k17q-0c14373389206b0ddd58c3fd97328930\">\n.flex_column.av-1k17q-0c14373389206b0ddd58c3fd97328930{\nborder-radius:0px 0px 0px 0px;\npadding:0px 0px 0px 0px;\n}\n<\/style>\n<div  class='flex_column av-1k17q-0c14373389206b0ddd58c3fd97328930 av_two_fifth  avia-builder-el-20  el_after_av_one_half  avia-builder-el-last  flex_column_div av-zero-column-padding  '     ><style type=\"text\/css\" data-created_by=\"avia_inline_auto\" id=\"style-css-av-x0ti-2f2fb36b10167f3a8b73831f69d4de69\">\n.avia-image-container.av-x0ti-2f2fb36b10167f3a8b73831f69d4de69 img.avia_image{\nbox-shadow:none;\n}\n.avia-image-container.av-x0ti-2f2fb36b10167f3a8b73831f69d4de69 .av-image-caption-overlay-center{\ncolor:#ffffff;\n}\n<\/style>\n<div  class='avia-image-container av-x0ti-2f2fb36b10167f3a8b73831f69d4de69 av-styling- avia-align-center  avia-builder-el-21  avia-builder-el-no-sibling '   itemprop=\"image\" itemscope=\"itemscope\" itemtype=\"https:\/\/schema.org\/ImageObject\" ><div class=\"avia-image-container-inner\"><div class=\"avia-image-overlay-wrap\"><img decoding=\"async\" fetchpriority=\"high\" class='wp-image-1269 avia-img-lazy-loading-not-1269 avia_image ' src=\"https:\/\/www.kinderarztpraxis-dorfen.de\/wp-content\/uploads\/2025\/06\/MpPraxisApp_QRCode-Web-300x122.jpg\" alt='' title='MpPraxisApp_QRCode-Web'  height=\"122\" width=\"300\"  itemprop=\"thumbnailUrl\" srcset=\"https:\/\/www.kinderarztpraxis-dorfen.de\/wp-content\/uploads\/2025\/06\/MpPraxisApp_QRCode-Web-300x122.jpg 300w, https:\/\/www.kinderarztpraxis-dorfen.de\/wp-content\/uploads\/2025\/06\/MpPraxisApp_QRCode-Web.jpg 400w\" sizes=\"(max-width: 300px) 100vw, 300px\" \/><\/div><\/div><\/div><\/div>\n","protected":false},"excerpt":{"rendered":"","protected":false},"author":2,"featured_media":0,"parent":0,"menu_order":0,"comment_status":"closed","ping_status":"closed","template":"","meta":{"footnotes":""},"class_list":["post-10","page","type-page","status-publish","hentry"],"_links":{"self":[{"href":"https:\/\/www.kinderarztpraxis-dorfen.de\/index.php?rest_route=\/wp\/v2\/pages\/10","targetHints":{"allow":["GET"]}}],"collection":[{"href":"https:\/\/www.kinderarztpraxis-dorfen.de\/index.php?rest_route=\/wp\/v2\/pages"}],"about":[{"href":"https:\/\/www.kinderarztpraxis-dorfen.de\/index.php?rest_route=\/wp\/v2\/types\/page"}],"author":[{"embeddable":true,"href":"https:\/\/www.kinderarztpraxis-dorfen.de\/index.php?rest_route=\/wp\/v2\/users\/2"}],"replies":[{"embeddable":true,"href":"https:\/\/www.kinderarztpraxis-dorfen.de\/index.php?rest_route=%2Fwp%2Fv2%2Fcomments&post=10"}],"version-history":[{"count":348,"href":"https:\/\/www.kinderarztpraxis-dorfen.de\/index.php?rest_route=\/wp\/v2\/pages\/10\/revisions"}],"predecessor-version":[{"id":1351,"href":"https:\/\/www.kinderarztpraxis-dorfen.de\/index.php?rest_route=\/wp\/v2\/pages\/10\/revisions\/1351"}],"wp:attachment":[{"href":"https:\/\/www.kinderarztpraxis-dorfen.de\/index.php?rest_route=%2Fwp%2Fv2%2Fmedia&parent=10"}],"curies":[{"name":"wp","href":"https:\/\/api.w.org\/{rel}","templated":true}]}}